{"id":23,"date":"2022-11-16T08:48:26","date_gmt":"2022-11-16T08:48:26","guid":{"rendered":"http:\/\/www.promerk.ee\/?page_id=23"},"modified":"2023-05-25T20:21:05","modified_gmt":"2023-05-25T20:21:05","slug":"about","status":"publish","type":"page","link":"http:\/\/www.promerk.ee\/?page_id=23","title":{"rendered":"Firmast"},"content":{"rendered":"\n<p>Promerk Pluss O\u00dc tegeleb logistika ja veotranspordiga. Alustasime tegevust 2013. aastal. Meie autopargis on sadul-veokid.<\/p>\n\n\n\n<p>Meie missiooniks on pakkuda kvaliteetset ja paindlikku transporditeenust, mis rahuldab ka k\u00f5ige n\u00f5udlikuma kliendi vajadused.<\/p>\n\n\n\n<p>Meie veetavad koormad on kindlustatud vedaja vastutuse (CMR) kindlustusega ning me omame tasuliste vedude tegevusluba.<\/p>\n\n\n\n<p>Asume Harjumaal, Tallinnas. Tegutseme kogu Eestis.<\/p>\n\n\n\n<p>Tuginedes aastate pikkusele kogemusele, julgen v\u00e4ita, et teame millised on t\u00e4na kliendi ootused. Tean, mida on vaja teha selleks, et neid ootusi \u00fcletada. Pange meid proovile!<\/p>\n\n\n\n<p>K\u00f5ike parimat soovides,<br>Andres Laur, Promerk Pluss O\u00dc omanik<\/p>\n","protected":false},"excerpt":{"rendered":"<p>Promerk Pluss O\u00dc tegeleb logistika ja veotranspordiga. Alustasime tegevust 2013. aastal. Meie autopargis on sadul-veokid. Meie missiooniks on pakkuda kvaliteetset ja paindlikku transporditeenust, mis rahuldab ka k\u00f5ige n\u00f5udlikuma kliendi vajadused. Meie veetavad koormad on kindlustatud vedaja vastutuse (CMR) kindlustusega ning me omame tasuliste vedude tegevusluba. Asume Harjumaal, Tallinnas. Tegutseme kogu Eestis. Tuginedes aastate pikkusele kogemusele, &hellip; <\/p>\n<p class=\"link-more\"><a href=\"http:\/\/www.promerk.ee\/?page_id=23\" class=\"more-link\">Continue reading<span class=\"screen-reader-text\"> &#8220;Firmast&#8221;<\/span><\/a><\/p>\n","protected":false},"author":1,"featured_media":84,"parent":0,"menu_order":0,"comment_status":"closed","ping_status":"closed","template":"","meta":{"footnotes":""},"class_list":["post-23","page","type-page","status-publish","has-post-thumbnail","hentry"],"_links":{"self":[{"href":"http:\/\/www.promerk.ee\/index.php?rest_route=\/wp\/v2\/pages\/23","targetHints":{"allow":["GET"]}}],"collection":[{"href":"http:\/\/www.promerk.ee\/index.php?rest_route=\/wp\/v2\/pages"}],"about":[{"href":"http:\/\/www.promerk.ee\/index.php?rest_route=\/wp\/v2\/types\/page"}],"author":[{"embeddable":true,"href":"http:\/\/www.promerk.ee\/index.php?rest_route=\/wp\/v2\/users\/1"}],"replies":[{"embeddable":true,"href":"http:\/\/www.promerk.ee\/index.php?rest_route=%2Fwp%2Fv2%2Fcomments&post=23"}],"version-history":[{"count":2,"href":"http:\/\/www.promerk.ee\/index.php?rest_route=\/wp\/v2\/pages\/23\/revisions"}],"predecessor-version":[{"id":55,"href":"http:\/\/www.promerk.ee\/index.php?rest_route=\/wp\/v2\/pages\/23\/revisions\/55"}],"wp:featuredmedia":[{"embeddable":true,"href":"http:\/\/www.promerk.ee\/index.php?rest_route=\/wp\/v2\/media\/84"}],"wp:attachment":[{"href":"http:\/\/www.promerk.ee\/index.php?rest_route=%2Fwp%2Fv2%2Fmedia&parent=23"}],"curies":[{"name":"wp","href":"https:\/\/api.w.org\/{rel}","templated":true}]}}